{"id":13963,"date":"2023-02-01T01:17:59","date_gmt":"2023-02-01T01:17:59","guid":{"rendered":"https:\/\/linkyiwu.com\/?page_id=13963"},"modified":"2023-02-03T09:23:30","modified_gmt":"2023-02-03T09:23:30","slug":"privacy-policy-2","status":"publish","type":"page","link":"https:\/\/www.linkyiwu.com\/fr\/privacy-policy-2\/","title":{"rendered":"politique de confidentialit\u00e9"},"content":{"rendered":"<style>.kb-row-layout-id_333422-40 > .kt-row-column-wrap{align-content:start;}:where(.kb-row-layout-id_333422-40 > .kt-row-column-wrap) > .wp-block-kadence-column{justify-content:start;}.kb-row-layout-id_333422-40 > .kt-row-column-wrap{column-gap:var(--global-kb-gap-md, 2rem);row-gap:var(--global-kb-gap-md, 2rem);max-width:var( --global-content-width, 1290px );padding-left:var(--global-content-edge-padding);padding-right:var(--global-content-edge-padding);padding-top:80px;padding-right:20px;padding-bottom:80px;padding-left:20px;grid-template-columns:minmax(0, 1fr);}.kb-row-layout-id_333422-40{background-image:url('https://www.linkyiwu.com/fr/https:\/\/linkyiwu.com\/wp-content\/uploads\/2015\/12\/what-we-do-collaborate1.jpg');background-size:cover;background-position:40% 53%;background-attachment:scroll;background-repeat:no-repeat;}.kb-row-layout-id_333422-40 > .kt-row-layout-overlay{opacity:0.74;background-color:var(--global-palette7, #EDF2F7);mix-blend-mode:normal;}@media all and (max-width: 1024px){.kb-row-layout-id_333422-40 > .kt-row-column-wrap{padding-top:80px;padding-bottom:80px;grid-template-columns:minmax(0, 1fr);}}@media all and (max-width: 767px){.kb-row-layout-id_333422-40 > .kt-row-column-wrap{padding-top:100px;padding-right:30px;padding-bottom:100px;padding-left:30px;grid-template-columns:minmax(0, 1fr);}}<\/style><div class=\"kb-row-layout-wrap kb-row-layout-id_333422-40 alignnone kt-row-has-bg wp-block-kadence-rowlayout\"><div class=\"kt-row-layout-overlay kt-row-overlay-normal\"><\/div><div class=\"kt-row-column-wrap kt-has-1-columns kt-row-layout-equal kt-tab-layout-inherit kt-mobile-layout-row kt-row-valign-top kb-theme-content-width\">\n<style>.kadence-column_147c04-86 > .kt-inside-inner-col,.kadence-column_147c04-86 > .kt-inside-inner-col:before{border-top-left-radius:0px;border-top-right-radius:0px;border-bottom-right-radius:0px;border-bottom-left-radius:0px;}.kadence-column_147c04-86 > .kt-inside-inner-col{column-gap:var(--global-kb-gap-sm, 1rem);}.kadence-column_147c04-86 > .kt-inside-inner-col{flex-direction:column;}.kadence-column_147c04-86 > .kt-inside-inner-col > .aligncenter{width:100%;}.kadence-column_147c04-86 > .kt-inside-inner-col:before{opacity:0.3;}.kadence-column_147c04-86{position:relative;}@media all and (max-width: 1024px){.kadence-column_147c04-86 > .kt-inside-inner-col{flex-direction:column;}}@media all and (max-width: 767px){.kadence-column_147c04-86 > .kt-inside-inner-col{padding-top:0px;padding-right:0px;padding-bottom:0px;padding-left:0px;flex-direction:column;}}<\/style>\n<div class=\"wp-block-kadence-column kadence-column_147c04-86 inner-column-1\"><div class=\"kt-inside-inner-col\"><style>.kb-row-layout-id_ebd124-8e > .kt-row-column-wrap{align-content:start;}:where(.kb-row-layout-id_ebd124-8e > .kt-row-column-wrap) > .wp-block-kadence-column{justify-content:start;}.kb-row-layout-id_ebd124-8e > .kt-row-column-wrap{column-gap:var(--global-kb-gap-md, 2rem);row-gap:var(--global-kb-gap-md, 2rem);max-width:600px;margin-left:auto;margin-right:auto;padding-top:0px;padding-bottom:0px;grid-template-columns:minmax(0, 1fr);}.kb-row-layout-id_ebd124-8e > .kt-row-layout-overlay{opacity:0.30;}@media all and (max-width: 1024px){.kb-row-layout-id_ebd124-8e > .kt-row-column-wrap{padding-top:0px;padding-right:0px;padding-bottom:0px;padding-left:0px;grid-template-columns:minmax(0, 1fr);}}@media all and (max-width: 767px){.kb-row-layout-id_ebd124-8e > .kt-row-column-wrap{grid-template-columns:minmax(0, 1fr);}}<\/style><div class=\"kb-row-layout-wrap kb-row-layout-id_ebd124-8e alignnone wp-block-kadence-rowlayout\"><div class=\"kt-row-column-wrap kt-has-1-columns kt-row-layout-equal kt-tab-layout-inherit kt-mobile-layout-row kt-row-valign-top\">\n<style>.kadence-column_9309ea-29 > .kt-inside-inner-col{padding-right:40px;padding-left:40px;}.kadence-column_9309ea-29 > .kt-inside-inner-col,.kadence-column_9309ea-29 > .kt-inside-inner-col:before{border-top-left-radius:0px;border-top-right-radius:0px;border-bottom-right-radius:0px;border-bottom-left-radius:0px;}.kadence-column_9309ea-29 > .kt-inside-inner-col{column-gap:var(--global-kb-gap-sm, 1rem);}.kadence-column_9309ea-29 > .kt-inside-inner-col{flex-direction:column;}.kadence-column_9309ea-29 > .kt-inside-inner-col > .aligncenter{width:100%;}.kadence-column_9309ea-29 > .kt-inside-inner-col:before{opacity:0.3;}.kadence-column_9309ea-29{position:relative;}@media all and (max-width: 1024px){.kadence-column_9309ea-29 > .kt-inside-inner-col{flex-direction:column;}}@media all and (max-width: 767px){.kadence-column_9309ea-29 > .kt-inside-inner-col{padding-right:0px;padding-left:0px;flex-direction:column;}}<\/style>\n<div class=\"wp-block-kadence-column kadence-column_9309ea-29 inner-column-1\"><div class=\"kt-inside-inner-col\"><style>.wp-block-kadence-advancedheading.kt-adv-heading_88d373-22, .wp-block-kadence-advancedheading.kt-adv-heading_88d373-22[data-kb-block=\"kb-adv-heading_88d373-22\"]{padding-top:0px;padding-right:0px;padding-bottom:20px;padding-left:0px;margin-top:0px;margin-right:0px;margin-bottom:0px;margin-left:0px;text-align:center;font-style:normal;text-transform:capitalize;}.wp-block-kadence-advancedheading.kt-adv-heading_88d373-22 mark.kt-highlight, .wp-block-kadence-advancedheading.kt-adv-heading_88d373-22[data-kb-block=\"kb-adv-heading_88d373-22\"] mark.kt-highlight{font-style:normal;color:#f76a0c;-webkit-box-decoration-break:clone;box-decoration-break:clone;padding-top:0px;padding-right:0px;padding-bottom:0px;padding-left:0px;}<\/style>\n<h1 class=\"kt-adv-heading_88d373-22 wp-block-kadence-advancedheading has-theme-palette-3-color has-text-color\" data-kb-block=\"kb-adv-heading_88d373-22\"><strong>\u00c0 propos de nous<\/strong><\/h1>\n\n\n<style>.wp-block-kadence-advancedheading.kt-adv-heading_b4e0ed-59, .wp-block-kadence-advancedheading.kt-adv-heading_b4e0ed-59[data-kb-block=\"kb-adv-heading_b4e0ed-59\"]{padding-right:0px;padding-left:0px;text-align:center;font-style:normal;}.wp-block-kadence-advancedheading.kt-adv-heading_b4e0ed-59 mark.kt-highlight, .wp-block-kadence-advancedheading.kt-adv-heading_b4e0ed-59[data-kb-block=\"kb-adv-heading_b4e0ed-59\"] mark.kt-highlight{font-style:normal;color:#f76a0c;-webkit-box-decoration-break:clone;box-decoration-break:clone;padding-top:0px;padding-right:0px;padding-bottom:0px;padding-left:0px;}@media all and (max-width: 767px){.wp-block-kadence-advancedheading.kt-adv-heading_b4e0ed-59, .wp-block-kadence-advancedheading.kt-adv-heading_b4e0ed-59[data-kb-block=\"kb-adv-heading_b4e0ed-59\"]{padding-right:0px;padding-left:0px;}}<\/style>\n<p class=\"kt-adv-heading_b4e0ed-59 wp-block-kadence-advancedheading has-theme-palette-3-color has-text-color\" data-kb-block=\"kb-adv-heading_b4e0ed-59\">Plus qu&#039;un simple agent d&#039;approvisionnement, nous vous guidons \u00e0 travers les march\u00e9s de gros chinois et vous mettons en contact avec les fournisseurs.<\/p>\n<\/div><\/div>\n\n<\/div><\/div><\/div><\/div>\n\n<\/div><\/div>\n\n<style>#kt-layout-id_76a736-53 > .kt-row-column-wrap{align-content:start;}:where(#kt-layout-id_76a736-53 > .kt-row-column-wrap) > .wp-block-kadence-column{justify-content:start;}#kt-layout-id_76a736-53 > .kt-row-column-wrap{column-gap:var(--global-kb-gap-md, 2rem);row-gap:var(--global-kb-gap-md, 2rem);max-width:700px;margin-left:auto;margin-right:auto;padding-top:var( --global-kb-row-default-top, 25px );padding-bottom:var( --global-kb-row-default-bottom, 25px );padding-top:80px;padding-bottom:80px;grid-template-columns:minmax(0, 1fr);}#kt-layout-id_76a736-53 > .kt-row-layout-overlay{opacity:0.30;}@media all and (max-width: 1024px){#kt-layout-id_76a736-53 > .kt-row-column-wrap{grid-template-columns:minmax(0, 1fr);}}@media all and (max-width: 767px){#kt-layout-id_76a736-53 > .kt-row-column-wrap{grid-template-columns:minmax(0, 1fr);}}<\/style>\n<div class=\"wp-block-kadence-rowlayout alignnone\"><div id=\"kt-layout-id_76a736-53\" class=\"kt-row-layout-inner kt-layout-id_76a736-53\"><div class=\"kt-row-column-wrap kt-has-1-columns kt-gutter-default kt-v-gutter-default kt-row-valign-top kt-row-layout-equal kt-tab-layout-inherit kt-m-colapse-left-to-right kt-mobile-layout-row\"><style>.kadence-column_3d21b4-10 > .kt-inside-inner-col{border-top-width:0px;border-right-width:0px;border-bottom-width:0px;border-left-width:0px;}.kadence-column_3d21b4-10 > .kt-inside-inner-col,.kadence-column_3d21b4-10 > .kt-inside-inner-col:before{border-top-left-radius:0px;border-top-right-radius:0px;border-bottom-right-radius:0px;border-bottom-left-radius:0px;}.kadence-column_3d21b4-10 > .kt-inside-inner-col{column-gap:var(--global-kb-gap-sm, 1rem);}.kadence-column_3d21b4-10 > .kt-inside-inner-col{flex-direction:column;}.kadence-column_3d21b4-10 > .kt-inside-inner-col > .aligncenter{width:100%;}.kadence-column_3d21b4-10 > .kt-inside-inner-col:before{opacity:0.3;}.kadence-column_3d21b4-10{position:relative;}@media all and (max-width: 1024px){.kadence-column_3d21b4-10 > .kt-inside-inner-col{flex-direction:column;}}@media all and (max-width: 767px){.kadence-column_3d21b4-10 > .kt-inside-inner-col{flex-direction:column;}}<\/style>\n<div class=\"wp-block-kadence-column inner-column-1 kadence-column_3d21b4-10\"><div class=\"kt-inside-inner-col\">\n<h2 class=\"wp-block-heading\">Qui nous sommes<\/h2>\n\n\n\n<p>L&#039;adresse de notre site Web est : https:\/\/linkyiwu.com.<\/p>\n\n\n\n<h2 class=\"wp-block-heading\">Quelles donn\u00e9es personnelles nous collectons et pourquoi nous les collectons<\/h2>\n\n\n\n<h3 class=\"wp-block-heading\">commentaires<\/h3>\n\n\n\n<p>Lorsque les visiteurs laissent des commentaires sur le site, nous collectons les donn\u00e9es affich\u00e9es dans le formulaire de commentaires, ainsi que l&#039;adresse IP du visiteur et la cha\u00eene de l&#039;agent utilisateur du navigateur pour faciliter la d\u00e9tection du spam.<\/p>\n\n\n\n<p>Une cha\u00eene anonymis\u00e9e cr\u00e9\u00e9e \u00e0 partir de votre adresse e-mail (\u00e9galement appel\u00e9e hachage) peut \u00eatre fournie au service Gravatar pour voir si vous l&#039;utilisez. La politique de confidentialit\u00e9 du service Gravatar est disponible ici : https:\/\/linkyiwu.com\/privacy-policy\/ Apr\u00e8s approbation de votre commentaire, votre photo de profil est visible au public dans le contexte de votre commentaire.<\/p>\n\n\n\n<h3 class=\"wp-block-heading\">M\u00e9dias<\/h3>\n\n\n\n<p>Si vous t\u00e9l\u00e9chargez des images sur le site Web, vous devez \u00e9viter de t\u00e9l\u00e9charger des images contenant des donn\u00e9es de localisation int\u00e9gr\u00e9es (GPS EXIF). Les visiteurs du site Web peuvent t\u00e9l\u00e9charger et extraire toutes les donn\u00e9es de localisation des images du site Web.<\/p>\n\n\n\n<h3 class=\"wp-block-heading\">Formulaires de contact<\/h3>\n\n\n\n<h3 class=\"wp-block-heading\">Biscuits<\/h3>\n\n\n\n<p>Si vous laissez un commentaire sur notre site, vous pouvez choisir d&#039;enregistrer votre nom, votre adresse e-mail et votre site Web dans des cookies. Ces informations sont destin\u00e9es \u00e0 votre commodit\u00e9 afin que vous n&#039;ayez pas \u00e0 remplir \u00e0 nouveau vos coordonn\u00e9es lorsque vous laissez un autre commentaire. Ces cookies dureront un an.<\/p>\n\n\n\n<p>Si vous visitez notre page de connexion, nous d\u00e9finirons un cookie temporaire pour d\u00e9terminer si votre navigateur accepte les cookies. Ce cookie ne contient aucune donn\u00e9e personnelle et est supprim\u00e9 lorsque vous fermez votre navigateur.<\/p>\n\n\n\n<p>Lors de votre connexion, nous mettrons \u00e9galement en place plusieurs cookies pour enregistrer vos informations de connexion et vos choix d&#039;affichage \u00e0 l&#039;\u00e9cran. Les cookies de connexion durent deux jours et les cookies d\u2019options d\u2019\u00e9cran durent un an. Si vous s\u00e9lectionnez \u00ab Se souvenir de moi \u00bb, votre connexion persistera pendant deux semaines. Si vous vous d\u00e9connectez de votre compte, les cookies de connexion seront supprim\u00e9s.<\/p>\n\n\n\n<p>Si vous modifiez ou publiez un article, un cookie suppl\u00e9mentaire sera enregistr\u00e9 dans votre navigateur. Ce cookie ne contient aucune donn\u00e9e personnelle et indique simplement l&#039;identifiant de la publication de l&#039;article que vous venez de modifier. Il expire apr\u00e8s 1 jour.<\/p>\n\n\n\n<h3 class=\"wp-block-heading\">Contenu int\u00e9gr\u00e9 provenant d&#039;autres sites Web<\/h3>\n\n\n\n<p>Les articles de ce site peuvent inclure des contenus int\u00e9gr\u00e9s (par exemple des vid\u00e9os, des images, des articles, etc.). Le contenu int\u00e9gr\u00e9 d&#039;autres sites Web se comporte exactement de la m\u00eame mani\u00e8re que si le visiteur avait visit\u00e9 l&#039;autre site Web.<\/p>\n\n\n\n<p>Ces sites Web peuvent collecter des donn\u00e9es sur vous, utiliser des cookies, int\u00e9grer un suivi tiers suppl\u00e9mentaire et surveiller votre interaction avec ce contenu int\u00e9gr\u00e9, y compris le suivi de votre interaction avec le contenu int\u00e9gr\u00e9 si vous disposez d&#039;un compte et \u00eates connect\u00e9 \u00e0 ce site Web.<\/p>\n\n\n\n<h3 class=\"wp-block-heading\">Analytique<\/h3>\n\n\n\n<h2 class=\"wp-block-heading\">Avec qui partageons-nous vos donn\u00e9es<\/h2>\n\n\n\n<h2 class=\"wp-block-heading\">Combien de temps conservons-nous vos donn\u00e9es<\/h2>\n\n\n\n<p>Si vous laissez un commentaire, le commentaire et ses m\u00e9tadonn\u00e9es sont conserv\u00e9s ind\u00e9finiment. De cette fa\u00e7on, nous pouvons reconna\u00eetre et approuver automatiquement tous les commentaires suivants au lieu de les conserver dans une file d&#039;attente de mod\u00e9ration.<\/p>\n\n\n\n<p>Pour les utilisateurs qui s&#039;inscrivent sur notre site Web (le cas \u00e9ch\u00e9ant), nous stockons \u00e9galement les informations personnelles qu&#039;ils fournissent dans leur profil d&#039;utilisateur. Tous les utilisateurs peuvent voir, modifier ou supprimer leurs informations personnelles \u00e0 tout moment (sauf en changeant leur nom d&#039;utilisateur). Les administrateurs de sites Web peuvent \u00e9galement voir et modifier ces informations.<\/p>\n\n\n\n<h2 class=\"wp-block-heading\">Quels sont vos droits sur vos donn\u00e9es<\/h2>\n\n\n\n<p>Si vous avez un compte sur ce site ou si vous avez laiss\u00e9 des commentaires, vous pouvez demander \u00e0 recevoir un fichier export\u00e9 des donn\u00e9es personnelles que nous d\u00e9tenons \u00e0 votre sujet, y compris toutes les donn\u00e9es que vous nous avez fournies. Vous pouvez \u00e9galement demander que nous supprimions toutes les donn\u00e9es personnelles que nous d\u00e9tenons \u00e0 votre sujet. Cela n&#039;inclut pas les donn\u00e9es que nous sommes oblig\u00e9s de conserver \u00e0 des fins administratives, juridiques ou de s\u00e9curit\u00e9.<\/p>\n\n\n\n<h2 class=\"wp-block-heading\">O\u00f9 nous envoyons vos donn\u00e9es<\/h2>\n\n\n\n<p>Les commentaires des visiteurs peuvent \u00eatre v\u00e9rifi\u00e9s via un service automatis\u00e9 de d\u00e9tection de spam.<\/p>\n\n\n\n<h2 class=\"wp-block-heading\">Les informations relatives \u00e0 la commande seront trait\u00e9es dans la plus stricte confidentialit\u00e9.<\/h2>\n\n\n\n<p><br>Seuls Lance et vous pouvez voir les d\u00e9tails de votre commande et suivre toute la progression de la commande, aucune autre personne ne verra ces informations.<\/p>\n<\/div><\/div>\n<\/div><\/div><\/div>","protected":false},"excerpt":{"rendered":"<p>Qui sommes-nous L\u2019adresse de notre site Web est : https:\/\/linkyiwu.com. Utilisation des donn\u00e9es personnelles collect\u00e9es Commentaires Quand vous laissez un commentaire sur notre site web, les donn\u00e9es inscrites dans le formulaire de commentaire, mais aussi votre adresse IP et l\u2019agent utilisateur de votre navigateur sont collect\u00e9s pour nous aider \u00e0 la d\u00e9tection des commentaires ind\u00e9sirables. Une cha\u00eene anonymis\u00e9e cr\u00e9\u00e9e \u00e0 partir de\u2026<\/p>","protected":false},"author":1,"featured_media":0,"parent":0,"menu_order":0,"comment_status":"closed","ping_status":"closed","template":"","meta":{"_kad_blocks_custom_css":"","_kad_blocks_head_custom_js":"","_kad_blocks_body_custom_js":"","_kad_blocks_footer_custom_js":"","_kadence_starter_templates_imported_post":false,"_kad_post_transparent":"","_kad_post_title":"","_kad_post_layout":"","_kad_post_sidebar_id":"","_kad_post_content_style":"","_kad_post_vertical_padding":"","_kad_post_feature":"","_kad_post_feature_position":"","_kad_post_header":false,"_kad_post_footer":false,"footnotes":""},"class_list":["post-13963","page","type-page","status-publish","hentry"],"yoast_head":"<!-- This site is optimized with the Yoast SEO plugin v25.0 - https:\/\/yoast.com\/wordpress\/plugins\/seo\/ -->\n<title>Privacy Policy - Yiwu Market Guide, Yiwu Agent, Yiwu China<\/title>\n<meta name=\"robots\" content=\"index, follow, max-snippet:-1, max-image-preview:large, max-video-preview:-1\" \/>\n<link rel=\"canonical\" href=\"https:\/\/www.linkyiwu.com\/fr\/privacy-policy-2\/\" \/>\n<meta property=\"og:locale\" content=\"fr_FR\" \/>\n<meta property=\"og:type\" content=\"article\" \/>\n<meta property=\"og:title\" content=\"Privacy Policy - Yiwu Market Guide, Yiwu Agent, Yiwu China\" \/>\n<meta property=\"og:description\" content=\"Who we are Our website address is: https:\/\/linkyiwu.com. What personal data we collect and why we collect it Comments When visitors leave comments on the site we collect the data shown in the comments form, and also the visitor\u2019s IP address and browser user agent string to help spam detection. An anonymized string created from...\" \/>\n<meta property=\"og:url\" content=\"https:\/\/www.linkyiwu.com\/fr\/privacy-policy-2\/\" \/>\n<meta property=\"og:site_name\" content=\"Yiwu Market Guide, Yiwu Agent, Yiwu China\" \/>\n<meta property=\"article:modified_time\" content=\"2023-02-03T09:23:30+00:00\" \/>\n<meta name=\"twitter:card\" content=\"summary_large_image\" \/>\n<meta name=\"twitter:label1\" content=\"Dur\u00e9e de lecture estim\u00e9e\" \/>\n\t<meta name=\"twitter:data1\" content=\"3 minutes\" \/>\n<script type=\"application\/ld+json\" class=\"yoast-schema-graph\">{\"@context\":\"https:\/\/schema.org\",\"@graph\":[{\"@type\":\"WebPage\",\"@id\":\"https:\/\/www.linkyiwu.com\/privacy-policy-2\/\",\"url\":\"https:\/\/www.linkyiwu.com\/privacy-policy-2\/\",\"name\":\"Privacy Policy - Yiwu Market Guide, Yiwu Agent, Yiwu China\",\"isPartOf\":{\"@id\":\"https:\/\/www.linkyiwu.com\/#website\"},\"datePublished\":\"2023-02-01T01:17:59+00:00\",\"dateModified\":\"2023-02-03T09:23:30+00:00\",\"breadcrumb\":{\"@id\":\"https:\/\/www.linkyiwu.com\/privacy-policy-2\/#breadcrumb\"},\"inLanguage\":\"fr-FR\",\"potentialAction\":[{\"@type\":\"ReadAction\",\"target\":[\"https:\/\/www.linkyiwu.com\/privacy-policy-2\/\"]}]},{\"@type\":\"BreadcrumbList\",\"@id\":\"https:\/\/www.linkyiwu.com\/privacy-policy-2\/#breadcrumb\",\"itemListElement\":[{\"@type\":\"ListItem\",\"position\":1,\"name\":\"Home\",\"item\":\"https:\/\/www.linkyiwu.com\/\"},{\"@type\":\"ListItem\",\"position\":2,\"name\":\"Privacy Policy\"}]},{\"@type\":\"WebSite\",\"@id\":\"https:\/\/www.linkyiwu.com\/#website\",\"url\":\"https:\/\/www.linkyiwu.com\/\",\"name\":\"Yiwu Market Guide, Yiwu Agent, Yiwu China\",\"description\":\"Your Buying Office in China\",\"publisher\":{\"@id\":\"https:\/\/www.linkyiwu.com\/#organization\"},\"potentialAction\":[{\"@type\":\"SearchAction\",\"target\":{\"@type\":\"EntryPoint\",\"urlTemplate\":\"https:\/\/www.linkyiwu.com\/?s={search_term_string}\"},\"query-input\":{\"@type\":\"PropertyValueSpecification\",\"valueRequired\":true,\"valueName\":\"search_term_string\"}}],\"inLanguage\":\"fr-FR\"},{\"@type\":\"Organization\",\"@id\":\"https:\/\/www.linkyiwu.com\/#organization\",\"name\":\"Yiwu Market Guide, Yiwu Agent, Yiwu China\",\"url\":\"https:\/\/www.linkyiwu.com\/\",\"logo\":{\"@type\":\"ImageObject\",\"inLanguage\":\"fr-FR\",\"@id\":\"https:\/\/www.linkyiwu.com\/#\/schema\/logo\/image\/\",\"url\":\"https:\/\/www.linkyiwu.com\/wp-content\/uploads\/2022\/09\/linkyiwu.png\",\"contentUrl\":\"https:\/\/www.linkyiwu.com\/wp-content\/uploads\/2022\/09\/linkyiwu.png\",\"width\":420,\"height\":126,\"caption\":\"Yiwu Market Guide, Yiwu Agent, Yiwu China\"},\"image\":{\"@id\":\"https:\/\/www.linkyiwu.com\/#\/schema\/logo\/image\/\"}}]}<\/script>\n<!-- \/ Yoast SEO plugin. -->","yoast_head_json":{"title":"Privacy Policy - Yiwu Market Guide, Yiwu Agent, Yiwu China","robots":{"index":"index","follow":"follow","max-snippet":"max-snippet:-1","max-image-preview":"max-image-preview:large","max-video-preview":"max-video-preview:-1"},"canonical":"https:\/\/www.linkyiwu.com\/fr\/privacy-policy-2\/","og_locale":"fr_FR","og_type":"article","og_title":"Privacy Policy - Yiwu Market Guide, Yiwu Agent, Yiwu China","og_description":"Who we are Our website address is: https:\/\/linkyiwu.com. What personal data we collect and why we collect it Comments When visitors leave comments on the site we collect the data shown in the comments form, and also the visitor\u2019s IP address and browser user agent string to help spam detection. An anonymized string created from...","og_url":"https:\/\/www.linkyiwu.com\/fr\/privacy-policy-2\/","og_site_name":"Yiwu Market Guide, Yiwu Agent, Yiwu China","article_modified_time":"2023-02-03T09:23:30+00:00","twitter_card":"summary_large_image","twitter_misc":{"Dur\u00e9e de lecture estim\u00e9e":"3 minutes"},"schema":{"@context":"https:\/\/schema.org","@graph":[{"@type":"WebPage","@id":"https:\/\/www.linkyiwu.com\/privacy-policy-2\/","url":"https:\/\/www.linkyiwu.com\/privacy-policy-2\/","name":"Privacy Policy - Yiwu Market Guide, Yiwu Agent, Yiwu China","isPartOf":{"@id":"https:\/\/www.linkyiwu.com\/#website"},"datePublished":"2023-02-01T01:17:59+00:00","dateModified":"2023-02-03T09:23:30+00:00","breadcrumb":{"@id":"https:\/\/www.linkyiwu.com\/privacy-policy-2\/#breadcrumb"},"inLanguage":"fr-FR","potentialAction":[{"@type":"ReadAction","target":["https:\/\/www.linkyiwu.com\/privacy-policy-2\/"]}]},{"@type":"BreadcrumbList","@id":"https:\/\/www.linkyiwu.com\/privacy-policy-2\/#breadcrumb","itemListElement":[{"@type":"ListItem","position":1,"name":"Home","item":"https:\/\/www.linkyiwu.com\/"},{"@type":"ListItem","position":2,"name":"Privacy Policy"}]},{"@type":"WebSite","@id":"https:\/\/www.linkyiwu.com\/#website","url":"https:\/\/www.linkyiwu.com\/","name":"Yiwu Market Guide, Yiwu Agent, Yiwu China","description":"Your Buying Office in China","publisher":{"@id":"https:\/\/www.linkyiwu.com\/#organization"},"potentialAction":[{"@type":"SearchAction","target":{"@type":"EntryPoint","urlTemplate":"https:\/\/www.linkyiwu.com\/?s={search_term_string}"},"query-input":{"@type":"PropertyValueSpecification","valueRequired":true,"valueName":"search_term_string"}}],"inLanguage":"fr-FR"},{"@type":"Organization","@id":"https:\/\/www.linkyiwu.com\/#organization","name":"Yiwu Market Guide, Yiwu Agent, Yiwu China","url":"https:\/\/www.linkyiwu.com\/","logo":{"@type":"ImageObject","inLanguage":"fr-FR","@id":"https:\/\/www.linkyiwu.com\/#\/schema\/logo\/image\/","url":"https:\/\/www.linkyiwu.com\/wp-content\/uploads\/2022\/09\/linkyiwu.png","contentUrl":"https:\/\/www.linkyiwu.com\/wp-content\/uploads\/2022\/09\/linkyiwu.png","width":420,"height":126,"caption":"Yiwu Market Guide, Yiwu Agent, Yiwu China"},"image":{"@id":"https:\/\/www.linkyiwu.com\/#\/schema\/logo\/image\/"}}]}},"taxonomy_info":[],"featured_image_src_large":false,"author_info":{"display_name":"YiwuMarket","author_link":"https:\/\/www.linkyiwu.com\/fr\/author\/yiwu\/"},"comment_info":0,"_links":{"self":[{"href":"https:\/\/www.linkyiwu.com\/fr\/wp-json\/wp\/v2\/pages\/13963","targetHints":{"allow":["GET"]}}],"collection":[{"href":"https:\/\/www.linkyiwu.com\/fr\/wp-json\/wp\/v2\/pages"}],"about":[{"href":"https:\/\/www.linkyiwu.com\/fr\/wp-json\/wp\/v2\/types\/page"}],"author":[{"embeddable":true,"href":"https:\/\/www.linkyiwu.com\/fr\/wp-json\/wp\/v2\/users\/1"}],"replies":[{"embeddable":true,"href":"https:\/\/www.linkyiwu.com\/fr\/wp-json\/wp\/v2\/comments?post=13963"}],"version-history":[{"count":6,"href":"https:\/\/www.linkyiwu.com\/fr\/wp-json\/wp\/v2\/pages\/13963\/revisions"}],"predecessor-version":[{"id":13986,"href":"https:\/\/www.linkyiwu.com\/fr\/wp-json\/wp\/v2\/pages\/13963\/revisions\/13986"}],"wp:attachment":[{"href":"https:\/\/www.linkyiwu.com\/fr\/wp-json\/wp\/v2\/media?parent=13963"}],"curies":[{"name":"wp","href":"https:\/\/api.w.org\/{rel}","templated":true}]}}